{"id":552,"date":"2017-06-22T21:42:34","date_gmt":"2017-06-22T19:42:34","guid":{"rendered":"https:\/\/camouflart.com\/?page_id=552"},"modified":"2026-01-24T18:55:52","modified_gmt":"2026-01-24T17:55:52","slug":"camouflagen-fuer","status":"publish","type":"page","link":"https:\/\/heidespitzer.at\/en\/camouflagen-fuer\/","title":{"rendered":"Appreciative Comments"},"content":{"rendered":"<p class=\"x_MsoNormal translation-block\">As an admirer from the very beginning, I am convinced that it is not only talent and creativity that are important for creating beauty, but also determination and perseverance. Each picture offers a new perspective on the familiar buildings of the LKH-Univ. Klinikum Graz. Every day, our employees, patients, and visitors walk past them, in and out\u2014often without really noticing the buildings. The pictures invite you to rediscover our buildings. Gebhard Falzberger<\/p>\n<p class=\"translation-block\">The first glance at the artwork reveals the familiar, which one perhaps perceives consciously or unconsciously every day on the way to work in the \"real world.\" The genius of the artwork then becomes apparent to the viewer at second glance, who is captivated by the careful emphasis on details that bring out the beauty of the moment or simply of the captured object even better than reality itself ever could. Hans Peter Dimai<\/p>\n<p class=\"translation-block\">I was very surprised at how camouflage with color and mechanical processing can reveal what was hidden, and how much room Ms. Spitzer's images leave for individual association and interpretation. I am thrilled and very happy about our new series of images of buildings at the University of Vienna. Christian Falk Pastner<\/p>\n<p class=\"translation-block\">Seeing a motif that I know and love in a new light, in a new composition, was an impressive experience for me. Through her reinterpretation of color, Ms. Spitzer has succeeded in creating a synthesis of naturalism and expressionism that offers real added value for the viewer. Josef Smolle<\/p>\n<p class=\"translation-block\">What actually is reality? Is it what you see or what you think you see? The mask does not make what is hidden behind it invisible but rather more sensual, more tangible. Deprived of the familiar visual representation, the concealment serves to reinforce what is actually important, the elements that move us. Isn't every visual appearance actually a mask? Can't a concealment of the familiar also lead to an emphasis on what lies behind it? In this sense, covering up our home has given it the opportunity to reveal more of its inner emotional appeal than a conventional \"real\" representation could ever have done. Robert Zweiker<\/p>\n<p class=\"translation-block\">Viewing and reworking a cherished motif through the eyes of an artist brings out new aspects and enlivens details that were previously almost undiscovered. The focus on the essentials\u2014a new inspiration and something very personal and individual. Thank you very much for the magnificent reworking! Katrin Brugger<\/p>\n<p class=\"translation-block\">It's the cladding that makes the town hall really beautiful! Only with Camouflart would I hang a picture of the town hall on my wall at home. Martin Manninger-W\u00fcnscher<\/p>\n<p class=\"translation-block\">Heide Spitzer creates a new and fascinating reality with her technique. She edits photos herself, removing elements and adding color. Our office building remains recognizable, yet it takes on a different character that reveals the artist's mood or new perspective. This is the case with our company building, Reval Austria. A flow of light streams through the building. We are a center of innovation and development, a learning community, and Heide Spitzer has captured this perfectly with her camouflage. The management at Reval was very pleased with the work. We are proud that our local project in Graz has now even made its way to New York City and that this company image will now be permanently displayed at Reval's headquarters. Markus Naczinsky<\/p>\n<p class=\"translation-block\">Heide Spitzer has managed to express the feeling we associate with our wedding castle in colors. An absolutely unique and beautiful work of art, and yet so personal, that we enjoy looking at every day! Thank you! Christina Prix<\/p>\n<p class=\"translation-block\">Many thanks to Heide Spitzer for this picture, which reminds me of special moments. People and works that you never forget. Ariel Alikaj<\/p>\n<p><em>ALL Dachprofile GmbH<\/em><\/p>\n<p><em>CCCA, \u00d6sterreichischer Klimatag<\/em><\/p>\n<p><em>Cafe Stockwerk<\/em><\/p>\n<p><em>Galerie im Klinikum<\/em><\/p>\n<p><em>Grazer Spielst\u00e4tten &#8211; Orpheum<\/em><\/p>\n<p><em>LKH-Univ. Klinikum Graz<\/em><\/p>\n<p><em>Medizinische Universit\u00e4t Graz<\/em><\/p>\n<p><em>Raiffeisen Landesbank, Graz St. Peter<\/em><\/p>\n<p><em>Reval Austria\u00a0<\/em><\/p>\n<p><em>Science Plan<\/em><\/p>\n<p><em>Tatort Kunst\u00a0<\/em><\/p>\n<p><em>Technische Universit\u00e4t Graz\u00a0<\/em><\/p>\n<p><em>Universit\u00e4t Wien\u00a0<\/em><\/p>","protected":false},"excerpt":{"rendered":"<p>Als Bewunderer der ersten Stunde, bin ICH \u00fcberzeugt, dass nicht nur Talent und Kreativit\u00e4t wichtig ist, um Sch\u00f6nes erschaffen zu k\u00f6nnen, sondern auch Entschlossenheit und Ausdauer. Jedes Bild er\u00f6ffnet einen [&hellip;]<\/p>\n","protected":false},"author":2,"featured_media":0,"parent":0,"menu_order":3,"comment_status":"closed","ping_status":"closed","template":"page-fullwidth.php","meta":{"footnotes":""},"class_list":["post-552","page","type-page","status-publish","hentry"],"yoast_head":"<!-- This site is optimized with the Yoast SEO plugin v27.3 - https:\/\/yoast.com\/product\/yoast-seo-wordpress\/ -->\n<title>Wertsch\u00e4tzende Kommentare - Heide Spitzer<\/title>\n<meta name=\"robots\" content=\"index, follow, max-snippet:-1, max-image-preview:large, max-video-preview:-1\" \/>\n<link rel=\"canonical\" href=\"https:\/\/heidespitzer.at\/en\/camouflagen-fuer\/\" \/>\n<meta property=\"og:locale\" content=\"en_US\" \/>\n<meta property=\"og:type\" content=\"article\" \/>\n<meta property=\"og:title\" content=\"Wertsch\u00e4tzende Kommentare - Heide Spitzer\" \/>\n<meta property=\"og:description\" content=\"Als Bewunderer der ersten Stunde, bin ICH \u00fcberzeugt, dass nicht nur Talent und Kreativit\u00e4t wichtig ist, um Sch\u00f6nes erschaffen zu k\u00f6nnen, sondern auch Entschlossenheit und Ausdauer. Jedes Bild er\u00f6ffnet einen [&hellip;]\" \/>\n<meta property=\"og:url\" content=\"https:\/\/heidespitzer.at\/en\/camouflagen-fuer\/\" \/>\n<meta property=\"og:site_name\" content=\"Heide Spitzer\" \/>\n<meta property=\"article:modified_time\" content=\"2026-01-24T17:55:52+00:00\" \/>\n<meta name=\"twitter:card\" content=\"summary_large_image\" \/>\n<meta name=\"twitter:label1\" content=\"Est. reading time\" \/>\n\t<meta name=\"twitter:data1\" content=\"4 minutes\" \/>\n<script type=\"application\/ld+json\" class=\"yoast-schema-graph\">{\"@context\":\"https:\\\/\\\/schema.org\",\"@graph\":[{\"@type\":\"WebPage\",\"@id\":\"https:\\\/\\\/heidespitzer.at\\\/camouflagen-fuer\\\/\",\"url\":\"https:\\\/\\\/heidespitzer.at\\\/camouflagen-fuer\\\/\",\"name\":\"Wertsch\u00e4tzende Kommentare - Heide Spitzer\",\"isPartOf\":{\"@id\":\"https:\\\/\\\/heidespitzer.at\\\/#website\"},\"datePublished\":\"2017-06-22T19:42:34+00:00\",\"dateModified\":\"2026-01-24T17:55:52+00:00\",\"breadcrumb\":{\"@id\":\"https:\\\/\\\/heidespitzer.at\\\/camouflagen-fuer\\\/#breadcrumb\"},\"inLanguage\":\"en-US\",\"potentialAction\":[{\"@type\":\"ReadAction\",\"target\":[\"https:\\\/\\\/heidespitzer.at\\\/camouflagen-fuer\\\/\"]}]},{\"@type\":\"BreadcrumbList\",\"@id\":\"https:\\\/\\\/heidespitzer.at\\\/camouflagen-fuer\\\/#breadcrumb\",\"itemListElement\":[{\"@type\":\"ListItem\",\"position\":1,\"name\":\"Home\",\"item\":\"https:\\\/\\\/heidespitzer.at\\\/\"},{\"@type\":\"ListItem\",\"position\":2,\"name\":\"Wertsch\u00e4tzende Kommentare\"}]},{\"@type\":\"WebSite\",\"@id\":\"https:\\\/\\\/heidespitzer.at\\\/#website\",\"url\":\"https:\\\/\\\/heidespitzer.at\\\/\",\"name\":\"Heide Spitzer\",\"description\":\"\",\"potentialAction\":[{\"@type\":\"SearchAction\",\"target\":{\"@type\":\"EntryPoint\",\"urlTemplate\":\"https:\\\/\\\/heidespitzer.at\\\/?s={search_term_string}\"},\"query-input\":{\"@type\":\"PropertyValueSpecification\",\"valueRequired\":true,\"valueName\":\"search_term_string\"}}],\"inLanguage\":\"en-US\"}]}<\/script>\n<!-- \/ Yoast SEO plugin. -->","yoast_head_json":{"title":"Wertsch\u00e4tzende Kommentare - Heide Spitzer","robots":{"index":"index","follow":"follow","max-snippet":"max-snippet:-1","max-image-preview":"max-image-preview:large","max-video-preview":"max-video-preview:-1"},"canonical":"https:\/\/heidespitzer.at\/en\/camouflagen-fuer\/","og_locale":"en_US","og_type":"article","og_title":"Wertsch\u00e4tzende Kommentare - Heide Spitzer","og_description":"Als Bewunderer der ersten Stunde, bin ICH \u00fcberzeugt, dass nicht nur Talent und Kreativit\u00e4t wichtig ist, um Sch\u00f6nes erschaffen zu k\u00f6nnen, sondern auch Entschlossenheit und Ausdauer. Jedes Bild er\u00f6ffnet einen [&hellip;]","og_url":"https:\/\/heidespitzer.at\/en\/camouflagen-fuer\/","og_site_name":"Heide Spitzer","article_modified_time":"2026-01-24T17:55:52+00:00","twitter_card":"summary_large_image","twitter_misc":{"Est. reading time":"4 minutes"},"schema":{"@context":"https:\/\/schema.org","@graph":[{"@type":"WebPage","@id":"https:\/\/heidespitzer.at\/camouflagen-fuer\/","url":"https:\/\/heidespitzer.at\/camouflagen-fuer\/","name":"Wertsch\u00e4tzende Kommentare - Heide Spitzer","isPartOf":{"@id":"https:\/\/heidespitzer.at\/#website"},"datePublished":"2017-06-22T19:42:34+00:00","dateModified":"2026-01-24T17:55:52+00:00","breadcrumb":{"@id":"https:\/\/heidespitzer.at\/camouflagen-fuer\/#breadcrumb"},"inLanguage":"en-US","potentialAction":[{"@type":"ReadAction","target":["https:\/\/heidespitzer.at\/camouflagen-fuer\/"]}]},{"@type":"BreadcrumbList","@id":"https:\/\/heidespitzer.at\/camouflagen-fuer\/#breadcrumb","itemListElement":[{"@type":"ListItem","position":1,"name":"Home","item":"https:\/\/heidespitzer.at\/"},{"@type":"ListItem","position":2,"name":"Wertsch\u00e4tzende Kommentare"}]},{"@type":"WebSite","@id":"https:\/\/heidespitzer.at\/#website","url":"https:\/\/heidespitzer.at\/","name":"Heide Spitzer","description":"","potentialAction":[{"@type":"SearchAction","target":{"@type":"EntryPoint","urlTemplate":"https:\/\/heidespitzer.at\/?s={search_term_string}"},"query-input":{"@type":"PropertyValueSpecification","valueRequired":true,"valueName":"search_term_string"}}],"inLanguage":"en-US"}]}},"_links":{"self":[{"href":"https:\/\/heidespitzer.at\/en\/wp-json\/wp\/v2\/pages\/552","targetHints":{"allow":["GET"]}}],"collection":[{"href":"https:\/\/heidespitzer.at\/en\/wp-json\/wp\/v2\/pages"}],"about":[{"href":"https:\/\/heidespitzer.at\/en\/wp-json\/wp\/v2\/types\/page"}],"author":[{"embeddable":true,"href":"https:\/\/heidespitzer.at\/en\/wp-json\/wp\/v2\/users\/2"}],"replies":[{"embeddable":true,"href":"https:\/\/heidespitzer.at\/en\/wp-json\/wp\/v2\/comments?post=552"}],"version-history":[{"count":10,"href":"https:\/\/heidespitzer.at\/en\/wp-json\/wp\/v2\/pages\/552\/revisions"}],"predecessor-version":[{"id":1503,"href":"https:\/\/heidespitzer.at\/en\/wp-json\/wp\/v2\/pages\/552\/revisions\/1503"}],"wp:attachment":[{"href":"https:\/\/heidespitzer.at\/en\/wp-json\/wp\/v2\/media?parent=552"}],"curies":[{"name":"wp","href":"https:\/\/api.w.org\/{rel}","templated":true}]}}